{"id":12,"date":"2022-07-11T23:50:04","date_gmt":"2022-07-11T23:50:04","guid":{"rendered":"https:\/\/cbrbulnes.enlineafactura.cl\/?page_id=12"},"modified":"2022-08-18T20:26:57","modified_gmt":"2022-08-18T20:26:57","slug":"nosotros","status":"publish","type":"page","link":"https:\/\/cbrbulnes.enlineafactura.cl\/index.php\/nosotros\/","title":{"rendered":"Nosotros"},"content":{"rendered":"\t\t<div data-elementor-type=\"wp-page\" data-elementor-id=\"12\" class=\"elementor elementor-12\">\n\t\t\t\t\t\t\t\t\t<section class=\"elementor-section elementor-top-section elementor-element elementor-element-4f492909 elementor-section-content-middle elementor-section-boxed elementor-section-height-default elementor-section-height-default\" data-id=\"4f492909\" data-element_type=\"section\">\n\t\t\t\t\t\t<div class=\"elementor-container elementor-column-gap-no\">\n\t\t\t\t\t<div class=\"elementor-column elementor-col-100 elementor-top-column elementor-element elementor-element-272b743c\" data-id=\"272b743c\" data-element_type=\"column\">\n\t\t\t<div class=\"elementor-widget-wrap elementor-element-populated\">\n\t\t\t\t\t\t\t\t<div class=\"elementor-element elementor-element-51aaf78c elementor-widget elementor-widget-image\" data-id=\"51aaf78c\" data-element_type=\"widget\" data-widget_type=\"image.default\">\n\t\t\t\t<div class=\"elementor-widget-container\">\n\t\t\t<style>\/*! elementor - v3.6.7 - 03-07-2022 *\/\n.elementor-widget-image{text-align:center}.elementor-widget-image a{display:inline-block}.elementor-widget-image a img[src$=\".svg\"]{width:48px}.elementor-widget-image img{vertical-align:middle;display:inline-block}<\/style>\t\t\t\t\t\t\t\t\t\t\t\t<img loading=\"lazy\" decoding=\"async\" width=\"509\" height=\"339\" src=\"https:\/\/cbrbulnes.enlineafactura.cl\/wp-content\/uploads\/2022\/07\/about2.jpg\" class=\"attachment-full size-full\" alt=\"\" srcset=\"https:\/\/cbrbulnes.enlineafactura.cl\/wp-content\/uploads\/2022\/07\/about2.jpg 509w, https:\/\/cbrbulnes.enlineafactura.cl\/wp-content\/uploads\/2022\/07\/about2-300x200.jpg 300w\" sizes=\"auto, (max-width: 509px) 100vw, 509px\" \/>\t\t\t\t\t\t\t\t\t\t\t\t\t\t\t<\/div>\n\t\t\t\t<\/div>\n\t\t\t\t<div class=\"elementor-element elementor-element-4f105e6f elementor-widget elementor-widget-heading\" data-id=\"4f105e6f\" data-element_type=\"widget\" data-widget_type=\"heading.default\">\n\t\t\t\t<div class=\"elementor-widget-container\">\n\t\t\t<style>\/*! elementor - v3.6.7 - 03-07-2022 *\/\n.elementor-heading-title{padding:0;margin:0;line-height:1}.elementor-widget-heading .elementor-heading-title[class*=elementor-size-]>a{color:inherit;font-size:inherit;line-height:inherit}.elementor-widget-heading .elementor-heading-title.elementor-size-small{font-size:15px}.elementor-widget-heading .elementor-heading-title.elementor-size-medium{font-size:19px}.elementor-widget-heading .elementor-heading-title.elementor-size-large{font-size:29px}.elementor-widget-heading .elementor-heading-title.elementor-size-xl{font-size:39px}.elementor-widget-heading .elementor-heading-title.elementor-size-xxl{font-size:59px}<\/style><h3 class=\"elementor-heading-title elementor-size-default\">Sobre Nosotros<\/h3>\t\t<\/div>\n\t\t\t\t<\/div>\n\t\t\t\t<div class=\"elementor-element elementor-element-ba4988e elementor-widget elementor-widget-text-editor\" data-id=\"ba4988e\" data-element_type=\"widget\" data-widget_type=\"text-editor.default\">\n\t\t\t\t<div class=\"elementor-widget-container\">\n\t\t\t<style>\/*! elementor - v3.6.7 - 03-07-2022 *\/\n.elementor-widget-text-editor.elementor-drop-cap-view-stacked .elementor-drop-cap{background-color:#818a91;color:#fff}.elementor-widget-text-editor.elementor-drop-cap-view-framed .elementor-drop-cap{color:#818a91;border:3px solid;background-color:transparent}.elementor-widget-text-editor:not(.elementor-drop-cap-view-default) .elementor-drop-cap{margin-top:8px}.elementor-widget-text-editor:not(.elementor-drop-cap-view-default) .elementor-drop-cap-letter{width:1em;height:1em}.elementor-widget-text-editor .elementor-drop-cap{float:left;text-align:center;line-height:1;font-size:50px}.elementor-widget-text-editor .elementor-drop-cap-letter{display:inline-block}<\/style>\t\t\t\t<h5 class=\"w3-center w3-text-black w3-hide-medium\"><strong>Informacion del CBR<\/strong><\/h5>\n<p class=\"w3-text-white w3-hide-medium\">El Conservador de Bienes Ra\u00edces de Bulnes es Oscar Jorge Pav\u00e9s Morales, quien ejerce el cargo desde el a\u00f1o 2021 y se encuentra ubicado en Ram\u00f3n Freire N\u00b0 320 Comuna de Bulnes Regi\u00f3n de \u00d1uble.<\/p>\n<p class=\"w3-text-white w3-hide-medium\">Su horario de atenci\u00f3n es de Lunes a Jueves 09:00 a 13:00 hrs. Tarde 15:00 a 17:00 hrs. Viernes de 09:00 a 16:00 hrs<\/p>\t\t\t\t\t\t<\/div>\n\t\t\t\t<\/div>\n\t\t\t\t<section class=\"elementor-section elementor-inner-section elementor-element elementor-element-62368428 elementor-section-boxed elementor-section-height-default elementor-section-height-default\" data-id=\"62368428\" data-element_type=\"section\">\n\t\t\t\t\t\t<div class=\"elementor-container elementor-column-gap-default\">\n\t\t\t\t\t<div class=\"elementor-column elementor-col-50 elementor-inner-column elementor-element elementor-element-e0b737f\" data-id=\"e0b737f\" data-element_type=\"column\">\n\t\t\t<div class=\"elementor-widget-wrap elementor-element-populated\">\n\t\t\t\t\t\t\t\t<div class=\"elementor-element elementor-element-27981f53 elementor-widget elementor-widget-text-editor\" data-id=\"27981f53\" data-element_type=\"widget\" data-widget_type=\"text-editor.default\">\n\t\t\t\t<div class=\"elementor-widget-container\">\n\t\t\t\t\t\t\t<h5 class=\"w3-center w3-text-white w3-hide-medium\"><strong>\u00bfD\u00f3nde ejerce?<\/strong><\/h5><p class=\" w3-text-white w3-hide-medium\">El Conservador de Bulnes se ejerce su competencia territorial en las comunas de Bulnes, Quill\u00f3n y San Ignacio. Los Conservadores est\u00e1n definidos, seg\u00fan el art\u00edculo 446 del C\u00f3digo Org\u00e1nico de Tribunales, como los ministros de fe encargados de los registros conservatorios de bienes ra\u00edces, de comercio, de minas, de Accionistas de sociedades propiamente mineras, de asociaciones de canalistas, de prenda agraria, de prenda industrial, especial de prenda y dem\u00e1s que les encomienden las leyes.<\/p>\t\t\t\t\t\t<\/div>\n\t\t\t\t<\/div>\n\t\t\t\t\t<\/div>\n\t\t<\/div>\n\t\t\t\t<div class=\"elementor-column elementor-col-50 elementor-inner-column elementor-element elementor-element-12561b2a\" data-id=\"12561b2a\" data-element_type=\"column\">\n\t\t\t<div class=\"elementor-widget-wrap elementor-element-populated\">\n\t\t\t\t\t\t\t\t<div class=\"elementor-element elementor-element-3eabd1be elementor-widget elementor-widget-text-editor\" data-id=\"3eabd1be\" data-element_type=\"widget\" data-widget_type=\"text-editor.default\">\n\t\t\t\t<div class=\"elementor-widget-container\">\n\t\t\t\t\t\t\t<h5 class=\"w3-center w3-text-white w3-hide-medium\"><strong>\u00bfQu\u00e9\u00a0otras funciones cumple?<\/strong><\/h5><p class=\"w3-text-white w3-hide-medium\">Tambi\u00e9n el Conservador cumple funciones como:<\/p><p class=\"w3-text-white w3-hide-medium\">Secretario de la Junta Electoral de la Circunscripci\u00f3n Bulnes.<\/p><p class=\"w3-text-white w3-hide-medium\">En cuanto a Ministro de Fe, el Conservador tiene a su cargo la mantenci\u00f3n de todas las inscripciones, sub inscripciones y anotaciones que digan relaci\u00f3n con los registros, que son mantenidas en \u00e9ste oficio durante un plazo de hasta 80 a\u00f1os:<\/p><ul><li>Registro de Propiedad<\/li><li>Registro de Hipotecas y Grav\u00e1menes<\/li><li>Registro de Prohibiciones e Interdicciones<\/li><li>Registro de Comercio<\/li><li>Registro de Prendas<\/li><li>Registro de Propiedad de Aguas<\/li><li>Registro de Interdicciones y Prohibici\u00f3n de Aguas<\/li><li>Archivador Judicial<\/li><\/ul><p class=\"w3-text-white w3-hide-medium\">Los registros de antig\u00fcedad superior a los 80 a\u00f1os, son remitidos al Archivo Nacional, el cual esta ubicado en Santiago de Chile, calle Matucana N\u00b0 151.<\/p>\t\t\t\t\t\t<\/div>\n\t\t\t\t<\/div>\n\t\t\t\t\t<\/div>\n\t\t<\/div>\n\t\t\t\t\t\t\t<\/div>\n\t\t<\/section>\n\t\t\t\t\t<\/div>\n\t\t<\/div>\n\t\t\t\t\t\t\t<\/div>\n\t\t<\/section>\n\t\t\t\t\t\t\t<\/div>\n\t\t","protected":false},"excerpt":{"rendered":"<p>Sobre Nosotros Informacion del CBR El Conservador de Bienes Ra\u00edces de Bulnes es Oscar Jorge Pav\u00e9s Morales, quien ejerce el cargo desde el a\u00f1o 2021 y se encuentra ubicado en Ram\u00f3n Freire N\u00b0 320 Comuna de Bulnes Regi\u00f3n de \u00d1uble. Su horario de atenci\u00f3n es de Lunes a Jueves 09:00 a 13:00 hrs. Tarde 15:00 &hellip;<\/p>\n<p class=\"read-more\"> <a class=\"\" href=\"https:\/\/cbrbulnes.enlineafactura.cl\/index.php\/nosotros\/\"> <span class=\"screen-reader-text\">Nosotros<\/span> Leer m\u00e1s &raquo;<\/a><\/p>\n","protected":false},"author":1,"featured_media":0,"parent":0,"menu_order":2,"comment_status":"closed","ping_status":"closed","template":"","meta":{"site-sidebar-layout":"no-sidebar","site-content-layout":"page-builder","ast-global-header-display":"","ast-main-header-display":"","ast-hfb-above-header-display":"","ast-hfb-below-header-display":"","ast-hfb-mobile-header-display":"","site-post-title":"disabled","ast-breadcrumbs-content":"","ast-featured-img":"disabled","footer-sml-layout":"","theme-transparent-header-meta":"","adv-header-id-meta":"","stick-header-meta":"","header-above-stick-meta":"","header-main-stick-meta":"","header-below-stick-meta":"","footnotes":""},"class_list":["post-12","page","type-page","status-publish","hentry"],"_links":{"self":[{"href":"https:\/\/cbrbulnes.enlineafactura.cl\/index.php\/wp-json\/wp\/v2\/pages\/12","targetHints":{"allow":["GET"]}}],"collection":[{"href":"https:\/\/cbrbulnes.enlineafactura.cl\/index.php\/wp-json\/wp\/v2\/pages"}],"about":[{"href":"https:\/\/cbrbulnes.enlineafactura.cl\/index.php\/wp-json\/wp\/v2\/types\/page"}],"author":[{"embeddable":true,"href":"https:\/\/cbrbulnes.enlineafactura.cl\/index.php\/wp-json\/wp\/v2\/users\/1"}],"replies":[{"embeddable":true,"href":"https:\/\/cbrbulnes.enlineafactura.cl\/index.php\/wp-json\/wp\/v2\/comments?post=12"}],"version-history":[{"count":28,"href":"https:\/\/cbrbulnes.enlineafactura.cl\/index.php\/wp-json\/wp\/v2\/pages\/12\/revisions"}],"predecessor-version":[{"id":175,"href":"https:\/\/cbrbulnes.enlineafactura.cl\/index.php\/wp-json\/wp\/v2\/pages\/12\/revisions\/175"}],"wp:attachment":[{"href":"https:\/\/cbrbulnes.enlineafactura.cl\/index.php\/wp-json\/wp\/v2\/media?parent=12"}],"curies":[{"name":"wp","href":"https:\/\/api.w.org\/{rel}","templated":true}]}}